{"id":16898,"date":"2023-11-22T09:33:57","date_gmt":"2023-11-22T09:33:57","guid":{"rendered":"https:\/\/actslaw.valordrafts.com\/acerca-de-la-empresa\/"},"modified":"2026-02-26T18:39:25","modified_gmt":"2026-02-26T18:39:25","slug":"acerca-de-la-empresa","status":"publish","type":"page","link":"https:\/\/actslaw.valordrafts.com\/es\/acerca-de-la-empresa\/","title":{"rendered":"Acerca de la empresa"},"content":{"rendered":"\t\t<div data-elementor-type=\"wp-page\" data-elementor-id=\"16898\" class=\"elementor elementor-16898 elementor-446\" data-elementor-post-type=\"page\">\n\t\t\t\t<div class=\"elementor-element elementor-element-7d2a6c9e e-flex e-con-boxed e-con e-parent\" data-id=\"7d2a6c9e\" data-element_type=\"container\" data-e-type=\"container\">\n\t\t\t\t\t<div class=\"e-con-inner\">\n\t\t\t\t<div class=\"elementor-element elementor-element-7450b043 elementor-widget elementor-widget-text-editor\" data-id=\"7450b043\" data-element_type=\"widget\" data-e-type=\"widget\" data-widget_type=\"text-editor.default\">\n\t\t\t\t<div class=\"elementor-widget-container\">\n\t\t\t\t\t\t\t\t\t<h2>Acerca de la empresa<\/h2><p>Fundada por cuatro abogados litigantes de primera fila, ACTS LAW se ocupa de litigios de alto riesgo en las \u00e1reas de lesiones personales catastr\u00f3ficas, homicidio culposo, mala fe de las aseguradoras, da\u00f1os a la propiedad, defectos de construcci\u00f3n, negligencia m\u00e9dica, abusos sexuales, negligencia escolar, responsabilidad por productos defectuosos, litigios empresariales y mucho m\u00e1s.<\/p><p>Con m\u00e1s de 36 abogados y un equipo de m\u00e1s de 100 profesionales en todo Estados Unidos, el despacho ha sido distinguido por la Asociaci\u00f3n de Abogados del Consumidor de Los \u00c1ngeles, el Daily Journal, Super Lawyers y otras organizaciones como uno de los principales equipos de litigio en el pa\u00eds.<\/p><p><img fetchpriority=\"high\" decoding=\"async\" class=\"aligncenter wp-image-14076 size-large\" src=\"https:\/\/actslaw.valordrafts.com\/wp-content\/uploads\/2025\/09\/image-10-copy-1024x576.avif\" alt=\"\" width=\"1024\" height=\"576\" srcset=\"https:\/\/actslaw.valordrafts.com\/wp-content\/uploads\/2025\/09\/image-10-copy-1024x576.avif 1024w, https:\/\/actslaw.valordrafts.com\/wp-content\/uploads\/2025\/09\/image-10-copy-300x169.avif 300w, https:\/\/actslaw.valordrafts.com\/wp-content\/uploads\/2025\/09\/image-10-copy-768x432.avif 768w, https:\/\/actslaw.valordrafts.com\/wp-content\/uploads\/2025\/09\/image-10-copy-1536x865.avif 1536w, https:\/\/actslaw.valordrafts.com\/wp-content\/uploads\/2025\/09\/image-10-copy-2048x1153.avif 2048w, https:\/\/actslaw.valordrafts.com\/wp-content\/uploads\/2025\/09\/image-10-copy-622x350.avif 622w\" sizes=\"(max-width: 1024px) 100vw, 1024px\" \/><\/p><p>Los veredictos y acuerdos obtenidos por el despacho han sido reconocidos por organizaciones del sector, publicaciones jur\u00eddicas y entidades especializadas en la clasificaci\u00f3n de veredictos como algunos de los m\u00e1s importantes tanto a nivel estatal como nacional.<br>Entre estos resultados destacan: un acuerdo hist\u00f3rico de 4,000 millones de d\u00f3lares en una demanda por abuso sexual contra el Condado de Los \u00c1ngeles; un acuerdo de 120 millones de d\u00f3lares en un litigio ambiental; 73 millones de d\u00f3lares en una demanda colectiva por incumplimiento de contrato; una sentencia hist\u00f3rica de 53 millones de d\u00f3lares emitida por el Tribunal Federal de Nueva York; un acuerdo de 31 millones de d\u00f3lares derivado de un desastre ambiental; 16 millones de d\u00f3lares en un caso de responsabilidad por productos defectuosos; dos casos distintos de accidentes automovil\u00edsticos resueltos por 15 y 10 millones de d\u00f3lares, respectivamente; un acuerdo por lesiones personales por 10.5 millones de d\u00f3lares; un acuerdo por defectos de construcci\u00f3n por 7 millones de d\u00f3lares; un caso contra una aseguradora por mala fe con un resultado de 8.5 millones de d\u00f3lares; as\u00ed como otro acuerdo independiente por 6.5 millones de d\u00f3lares. <\/p>\t\t\t\t\t\t\t\t<\/div>\n\t\t\t\t<\/div>\n\t\t<div class=\"elementor-element elementor-element-4de97510 e-con-full e-flex e-con e-child\" data-id=\"4de97510\" data-element_type=\"container\" data-e-type=\"container\" data-settings=\"{&quot;background_background&quot;:&quot;classic&quot;}\">\n\t\t\t\t<div class=\"elementor-element elementor-element-3b917d03 elementor-widget elementor-widget-heading\" data-id=\"3b917d03\" data-element_type=\"widget\" data-e-type=\"widget\" data-widget_type=\"heading.default\">\n\t\t\t\t<div class=\"elementor-widget-container\">\n\t\t\t\t\t<h3 class=\"elementor-heading-title elementor-size-default\">Conoce al equipo<\/h3>\t\t\t\t<\/div>\n\t\t\t\t<\/div>\n\t\t\t\t<div class=\"elementor-element elementor-element-6684fec7 elementor-widget elementor-widget-heading\" data-id=\"6684fec7\" data-element_type=\"widget\" data-e-type=\"widget\" data-widget_type=\"heading.default\">\n\t\t\t\t<div class=\"elementor-widget-container\">\n\t\t\t\t\t<p class=\"elementor-heading-title elementor-size-default\">En ACTS LAW, nuestros h\u00e1biles y expertos abogados representan a las v\u00edctimas en una amplia gama de tipos de casos. Nuestra pr\u00e1ctica abarca desde la defensa de derechos civiles y litigio civil, hasta casos de negligencia m\u00e9dica, responsabilidad por productos defectuosos, lesiones personales catastr\u00f3ficas y homicidio culposo, as\u00ed como reclamaciones de seguros comerciales y residenciales, incluyendo litigios por mala fe de aseguradoras.<\/p>\t\t\t\t<\/div>\n\t\t\t\t<\/div>\n\t\t<div class=\"elementor-element elementor-element-40eff10 e-con-full e-flex e-con e-child\" data-id=\"40eff10\" data-element_type=\"container\" data-e-type=\"container\">\n\t\t\t\t<div class=\"elementor-element elementor-element-47b351eb elementor-align-justify elementor-widget__width-initial 2 elementor-widget elementor-widget-button\" data-id=\"47b351eb\" data-element_type=\"widget\" data-e-type=\"widget\" data-widget_type=\"button.default\">\n\t\t\t\t<div class=\"elementor-widget-container\">\n\t\t\t\t\t\t\t\t\t<div class=\"elementor-button-wrapper\">\n\t\t\t\t\t<a class=\"elementor-button elementor-button-link elementor-size-sm\" href=\"https:\/\/www.intaker.com\/actslaw\/main\" target=\"_blank\">\n\t\t\t\t\t\t<span class=\"elementor-button-content-wrapper\">\n\t\t\t\t\t\t\t\t\t<span class=\"elementor-button-text\">Chat abierto<\/span>\n\t\t\t\t\t<\/span>\n\t\t\t\t\t<\/a>\n\t\t\t\t<\/div>\n\t\t\t\t\t\t\t\t<\/div>\n\t\t\t\t<\/div>\n\t\t\t\t<div class=\"elementor-element elementor-element-2590094b elementor-align-justify elementor-widget__width-initial elementor-widget elementor-widget-button\" data-id=\"2590094b\" data-element_type=\"widget\" data-e-type=\"widget\" data-widget_type=\"button.default\">\n\t\t\t\t<div class=\"elementor-widget-container\">\n\t\t\t\t\t\t\t\t\t<div class=\"elementor-button-wrapper\">\n\t\t\t\t\t<a class=\"elementor-button elementor-button-link elementor-size-sm\" href=\"tel:833-228-7529\">\n\t\t\t\t\t\t<span class=\"elementor-button-content-wrapper\">\n\t\t\t\t\t\t\t\t\t<span class=\"elementor-button-text\">833-228-7529<\/span>\n\t\t\t\t\t<\/span>\n\t\t\t\t\t<\/a>\n\t\t\t\t<\/div>\n\t\t\t\t\t\t\t\t<\/div>\n\t\t\t\t<\/div>\n\t\t\t\t<\/div>\n\t\t\t\t<\/div>\n\t\t\t\t<div class=\"elementor-element elementor-element-82cc4aa elementor-widget elementor-widget-text-editor\" data-id=\"82cc4aa\" data-element_type=\"widget\" data-e-type=\"widget\" data-widget_type=\"text-editor.default\">\n\t\t\t\t<div class=\"elementor-widget-container\">\n\t\t\t\t\t\t\t\t\t<h3>Qu\u00e9 hacemos<\/h3><p>Nuestros h\u00e1biles y expertos abogados representan a las v\u00edctimas en una amplia gama de asuntos. Desde derechos civiles a litigios civiles, desde negligencias m\u00e9dicas a responsabilidad por productos defectuosos, desde lesiones personales catastr\u00f3ficas a homicidio culposo, desde reclamaciones de seguros de propiedad comercial y residencial a litigios de mala fe sobre seguros. Los abogados de ACTS LAW han superado la prueba del juicio y defienden con celo los derechos de nuestros clientes.<\/p><h4><strong>Ensayado<\/strong><\/h4><p>Con nuestra experiencia y trayectoria de \u00e9xito, tenemos lo que hace falta para obtener sistem\u00e1ticamente resultados favorables en nombre de nuestros clientes. Ofrecemos el mejor asesoramiento y orientaci\u00f3n jur\u00eddicos posibles para ayudar a nuestros clientes a obtener una ventaja en sus litigios y garantizar la protecci\u00f3n de sus derechos en el proceso. Independientemente de las circunstancias del caso, puedes contar con nuestra determinaci\u00f3n y compromiso para luchar por el resultado que mereces.  <\/p><h4>Dirigido al cliente<\/h4><p>El equipo de abogados de ACTS LAW ofrece asistencia personalizada adaptada a tu situaci\u00f3n particular. Nuestro equipo de abogados probados en juicios trabaja con vigor para conseguir la m\u00e1xima indemnizaci\u00f3n econ\u00f3mica posible para nuestros clientes y para prestar la atenci\u00f3n y el cuidado rigurosos que requiere cada caso. Al permitir que nuestros abogados aboguen en tu nombre, puedes estar seguro de que se har\u00e1 todo lo posible para conseguirte la m\u00e1xima indemnizaci\u00f3n a la que tienes derecho.  <\/p><h4>Estamos aqu\u00ed para ti<\/h4><p>En ACTS LAW nuestro objetivo es estar bien preparados para obtener el resultado m\u00e1s favorable para nuestros clientes. Tanto si has resultado herido en un accidente horrible, como si has sido v\u00edctima en un caso de derechos civiles, si te enfrentas a un asunto que requerir\u00e1 un litigio complejo, o si est\u00e1s implicado en una disputa sobre seguros de propiedad o mala fe, nuestros dedicados abogados y nuestro personal est\u00e1n aqu\u00ed para ayudarte en cada fase de tu caso. Puedes estar seguro de que tu caso lo llevan profesionales experimentados y probados en juicios, que velan por tus intereses.  <\/p>\t\t\t\t\t\t\t\t<\/div>\n\t\t\t\t<\/div>\n\t\t\t\t\t<\/div>\n\t\t\t\t<\/div>\n\t\t\t\t<\/div>\n\t\t","protected":false},"excerpt":{"rendered":"<p>Acerca de la empresa Fundada por cuatro abogados litigantes de primera fila, ACTS LAW se ocupa de litigios de alto riesgo en las \u00e1reas de lesiones personales catastr\u00f3ficas, homicidio culposo, mala fe de las aseguradoras, da\u00f1os a la propiedad, defectos de construcci\u00f3n, negligencia m\u00e9dica, abusos sexuales, negligencia escolar, responsabilidad por productos defectuosos, litigios empresariales y [&hellip;]<\/p>\n","protected":false},"author":1,"featured_media":0,"parent":0,"menu_order":0,"comment_status":"closed","ping_status":"closed","template":"","meta":{"h5ap_radio_sources":[],"footnotes":""},"class_list":["post-16898","page","type-page","status-publish","hentry"],"yoast_head":"<!-- This site is optimized with the Yoast SEO plugin v27.3 - https:\/\/yoast.com\/product\/yoast-seo-wordpress\/ -->\n<title>El bufete - ACTS LAW Bufete en California | ACTS LAW, LLP.<\/title>\n<meta name=\"description\" content=\"En ACTS LAW, LLP, nuestros h\u00e1biles y expertos abogados representan a las v\u00edctimas en una amplia gama de tipos de casos. Ponte en contacto con nosotros para obtener m\u00e1s informaci\u00f3n.\" \/>\n<meta name=\"robots\" content=\"noindex, follow, max-snippet:-1, max-image-preview:large, max-video-preview:-1\" \/>\n<meta property=\"og:locale\" content=\"es_ES\" \/>\n<meta property=\"og:type\" content=\"article\" \/>\n<meta property=\"og:title\" content=\"El bufete - ACTS LAW Bufete en California | ACTS LAW, LLP.\" \/>\n<meta property=\"og:description\" content=\"En ACTS LAW, LLP, nuestros h\u00e1biles y expertos abogados representan a las v\u00edctimas en una amplia gama de tipos de casos. Ponte en contacto con nosotros para obtener m\u00e1s informaci\u00f3n.\" \/>\n<meta property=\"og:url\" content=\"https:\/\/actslaw.valordrafts.com\/es\/acerca-de-la-empresa\/\" \/>\n<meta property=\"og:site_name\" content=\"ACTS LAW\" \/>\n<meta property=\"article:modified_time\" content=\"2026-02-26T18:39:25+00:00\" \/>\n<meta property=\"og:image\" content=\"https:\/\/actslaw.valordrafts.com\/wp-content\/uploads\/2025\/09\/image-10-copy-1024x576.jpg\" \/>\n<meta name=\"twitter:card\" content=\"summary_large_image\" \/>\n<meta name=\"twitter:label1\" content=\"Tiempo de lectura\" \/>\n\t<meta name=\"twitter:data1\" content=\"4 minutos\" \/>\n<script type=\"application\/ld+json\" class=\"yoast-schema-graph\">{\"@context\":\"https:\\\/\\\/schema.org\",\"@graph\":[{\"@type\":\"WebPage\",\"@id\":\"https:\\\/\\\/actslaw.valordrafts.com\\\/es\\\/acerca-de-la-empresa\\\/\",\"url\":\"https:\\\/\\\/actslaw.valordrafts.com\\\/es\\\/acerca-de-la-empresa\\\/\",\"name\":\"El bufete - ACTS LAW Bufete en California | ACTS LAW, LLP.\",\"isPartOf\":{\"@id\":\"https:\\\/\\\/actslaw.valordrafts.com\\\/es\\\/#website\"},\"primaryImageOfPage\":{\"@id\":\"https:\\\/\\\/actslaw.valordrafts.com\\\/es\\\/acerca-de-la-empresa\\\/#primaryimage\"},\"image\":{\"@id\":\"https:\\\/\\\/actslaw.valordrafts.com\\\/es\\\/acerca-de-la-empresa\\\/#primaryimage\"},\"thumbnailUrl\":\"https:\\\/\\\/actslaw.valordrafts.com\\\/wp-content\\\/uploads\\\/2025\\\/09\\\/image-10-copy-1024x576.avif\",\"datePublished\":\"2023-11-22T09:33:57+00:00\",\"dateModified\":\"2026-02-26T18:39:25+00:00\",\"description\":\"En ACTS LAW, LLP, nuestros h\u00e1biles y expertos abogados representan a las v\u00edctimas en una amplia gama de tipos de casos. Ponte en contacto con nosotros para obtener m\u00e1s informaci\u00f3n.\",\"breadcrumb\":{\"@id\":\"https:\\\/\\\/actslaw.valordrafts.com\\\/es\\\/acerca-de-la-empresa\\\/#breadcrumb\"},\"inLanguage\":\"es\",\"potentialAction\":[{\"@type\":\"ReadAction\",\"target\":[\"https:\\\/\\\/actslaw.valordrafts.com\\\/es\\\/acerca-de-la-empresa\\\/\"]}]},{\"@type\":\"ImageObject\",\"inLanguage\":\"es\",\"@id\":\"https:\\\/\\\/actslaw.valordrafts.com\\\/es\\\/acerca-de-la-empresa\\\/#primaryimage\",\"url\":\"https:\\\/\\\/actslaw.valordrafts.com\\\/wp-content\\\/uploads\\\/2025\\\/09\\\/image-10-copy-1024x576.avif\",\"contentUrl\":\"https:\\\/\\\/actslaw.valordrafts.com\\\/wp-content\\\/uploads\\\/2025\\\/09\\\/image-10-copy-1024x576.avif\"},{\"@type\":\"BreadcrumbList\",\"@id\":\"https:\\\/\\\/actslaw.valordrafts.com\\\/es\\\/acerca-de-la-empresa\\\/#breadcrumb\",\"itemListElement\":[{\"@type\":\"ListItem\",\"position\":1,\"name\":\"Home\",\"item\":\"https:\\\/\\\/actslaw.valordrafts.com\\\/es\\\/\"},{\"@type\":\"ListItem\",\"position\":2,\"name\":\"Acerca de la empresa\"}]},{\"@type\":\"WebSite\",\"@id\":\"https:\\\/\\\/actslaw.valordrafts.com\\\/es\\\/#website\",\"url\":\"https:\\\/\\\/actslaw.valordrafts.com\\\/es\\\/\",\"name\":\"ACTS LAW\",\"description\":\"Trial Lawyers in Los Angeles\",\"potentialAction\":[{\"@type\":\"SearchAction\",\"target\":{\"@type\":\"EntryPoint\",\"urlTemplate\":\"https:\\\/\\\/actslaw.valordrafts.com\\\/es\\\/?s={search_term_string}\"},\"query-input\":{\"@type\":\"PropertyValueSpecification\",\"valueRequired\":true,\"valueName\":\"search_term_string\"}}],\"inLanguage\":\"es\"}]}<\/script>\n<!-- \/ Yoast SEO plugin. -->","yoast_head_json":{"title":"El bufete - ACTS LAW Bufete en California | ACTS LAW, LLP.","description":"En ACTS LAW, LLP, nuestros h\u00e1biles y expertos abogados representan a las v\u00edctimas en una amplia gama de tipos de casos. Ponte en contacto con nosotros para obtener m\u00e1s informaci\u00f3n.","robots":{"index":"noindex","follow":"follow","max-snippet":"max-snippet:-1","max-image-preview":"max-image-preview:large","max-video-preview":"max-video-preview:-1"},"og_locale":"es_ES","og_type":"article","og_title":"El bufete - ACTS LAW Bufete en California | ACTS LAW, LLP.","og_description":"En ACTS LAW, LLP, nuestros h\u00e1biles y expertos abogados representan a las v\u00edctimas en una amplia gama de tipos de casos. Ponte en contacto con nosotros para obtener m\u00e1s informaci\u00f3n.","og_url":"https:\/\/actslaw.valordrafts.com\/es\/acerca-de-la-empresa\/","og_site_name":"ACTS LAW","article_modified_time":"2026-02-26T18:39:25+00:00","og_image":[{"url":"https:\/\/actslaw.valordrafts.com\/wp-content\/uploads\/2025\/09\/image-10-copy-1024x576.jpg","type":"","width":"","height":""}],"twitter_card":"summary_large_image","twitter_misc":{"Tiempo de lectura":"4 minutos"},"schema":{"@context":"https:\/\/schema.org","@graph":[{"@type":"WebPage","@id":"https:\/\/actslaw.valordrafts.com\/es\/acerca-de-la-empresa\/","url":"https:\/\/actslaw.valordrafts.com\/es\/acerca-de-la-empresa\/","name":"El bufete - ACTS LAW Bufete en California | ACTS LAW, LLP.","isPartOf":{"@id":"https:\/\/actslaw.valordrafts.com\/es\/#website"},"primaryImageOfPage":{"@id":"https:\/\/actslaw.valordrafts.com\/es\/acerca-de-la-empresa\/#primaryimage"},"image":{"@id":"https:\/\/actslaw.valordrafts.com\/es\/acerca-de-la-empresa\/#primaryimage"},"thumbnailUrl":"https:\/\/actslaw.valordrafts.com\/wp-content\/uploads\/2025\/09\/image-10-copy-1024x576.avif","datePublished":"2023-11-22T09:33:57+00:00","dateModified":"2026-02-26T18:39:25+00:00","description":"En ACTS LAW, LLP, nuestros h\u00e1biles y expertos abogados representan a las v\u00edctimas en una amplia gama de tipos de casos. Ponte en contacto con nosotros para obtener m\u00e1s informaci\u00f3n.","breadcrumb":{"@id":"https:\/\/actslaw.valordrafts.com\/es\/acerca-de-la-empresa\/#breadcrumb"},"inLanguage":"es","potentialAction":[{"@type":"ReadAction","target":["https:\/\/actslaw.valordrafts.com\/es\/acerca-de-la-empresa\/"]}]},{"@type":"ImageObject","inLanguage":"es","@id":"https:\/\/actslaw.valordrafts.com\/es\/acerca-de-la-empresa\/#primaryimage","url":"https:\/\/actslaw.valordrafts.com\/wp-content\/uploads\/2025\/09\/image-10-copy-1024x576.avif","contentUrl":"https:\/\/actslaw.valordrafts.com\/wp-content\/uploads\/2025\/09\/image-10-copy-1024x576.avif"},{"@type":"BreadcrumbList","@id":"https:\/\/actslaw.valordrafts.com\/es\/acerca-de-la-empresa\/#breadcrumb","itemListElement":[{"@type":"ListItem","position":1,"name":"Home","item":"https:\/\/actslaw.valordrafts.com\/es\/"},{"@type":"ListItem","position":2,"name":"Acerca de la empresa"}]},{"@type":"WebSite","@id":"https:\/\/actslaw.valordrafts.com\/es\/#website","url":"https:\/\/actslaw.valordrafts.com\/es\/","name":"ACTS LAW","description":"Trial Lawyers in Los Angeles","potentialAction":[{"@type":"SearchAction","target":{"@type":"EntryPoint","urlTemplate":"https:\/\/actslaw.valordrafts.com\/es\/?s={search_term_string}"},"query-input":{"@type":"PropertyValueSpecification","valueRequired":true,"valueName":"search_term_string"}}],"inLanguage":"es"}]}},"_links":{"self":[{"href":"https:\/\/actslaw.valordrafts.com\/es\/wp-json\/wp\/v2\/pages\/16898","targetHints":{"allow":["GET"]}}],"collection":[{"href":"https:\/\/actslaw.valordrafts.com\/es\/wp-json\/wp\/v2\/pages"}],"about":[{"href":"https:\/\/actslaw.valordrafts.com\/es\/wp-json\/wp\/v2\/types\/page"}],"author":[{"embeddable":true,"href":"https:\/\/actslaw.valordrafts.com\/es\/wp-json\/wp\/v2\/users\/1"}],"replies":[{"embeddable":true,"href":"https:\/\/actslaw.valordrafts.com\/es\/wp-json\/wp\/v2\/comments?post=16898"}],"version-history":[{"count":0,"href":"https:\/\/actslaw.valordrafts.com\/es\/wp-json\/wp\/v2\/pages\/16898\/revisions"}],"wp:attachment":[{"href":"https:\/\/actslaw.valordrafts.com\/es\/wp-json\/wp\/v2\/media?parent=16898"}],"curies":[{"name":"wp","href":"https:\/\/api.w.org\/{rel}","templated":true}]}}